{"id":1354,"date":"2024-07-04T17:11:20","date_gmt":"2024-07-04T17:11:20","guid":{"rendered":"https:\/\/collectivepolymers.com\/?page_id=1354"},"modified":"2024-07-04T17:11:20","modified_gmt":"2024-07-04T17:11:20","slug":"politique-de-confidentialite","status":"publish","type":"page","link":"https:\/\/collectivepolymers.com\/fr\/politique-de-confidentialite\/","title":{"rendered":"Politique de confidentialit\u00e9"},"content":{"rendered":"<div id='av_section_1'  class='avia-section av-av_section-f716ba51e7bf82947c918c6ed882cb73 main_color avia-section-default avia-no-border-styling  avia-builder-el-0  avia-builder-el-no-sibling  avia-bg-style-scroll container_wrap fullsize'  ><div class='container av-section-cont-open' ><main  role=\"main\" itemprop=\"mainContentOfPage\"  class='template-page content  av-content-full alpha units'><div class='post-entry post-entry-type-page post-entry-1354'><div class='entry-content-wrapper clearfix'>\n<div  class='flex_column av-av_one_full-7714eba142aeda1f8b5272a3c372b279 av_one_full  avia-builder-el-1  avia-builder-el-no-sibling  first flex_column_div  '     ><section  class='av_textblock_section av-ly7imm9r-e4fffda25b1f3442e7ea6d5a7525870a '   itemscope=\"itemscope\" itemtype=\"https:\/\/schema.org\/CreativeWork\" ><div class='avia_textblock'  itemprop=\"text\" ><h1>Politique de confidentialit\u00e9 et de protection des donn\u00e9es personnelles<\/h1>\n<p>La protection de la vie priv\u00e9e et la confidentialit\u00e9 des donn\u00e9es personnelles sont au coeur de nos pr\u00e9occupations. Conform\u00e9ment \u00e0 la loi 25 sur la protection des donn\u00e9es personnelles, nous avons \u00e9labor\u00e9 une Politique de confidentialit\u00e9 pr\u00e9sentant certaines conditions d\u2019utilisation. Nous veillons \u00e0 nous conformer \u00e0 toutes les dispositions de cette loi pour garantir un niveau de protection optimal pour les renseignements personnels que nous traitons.<\/p>\n<p>Par la pr\u00e9sente, nous demandons le consentement des visiteurs de notre site web afin de pouvoir collecter tout renseignement personnel, y compris les donn\u00e9es de navigation de l\u2019usager, r\u00e9colt\u00e9 \u00e0 l\u2019aide des fichiers t\u00e9moins (cookies).<\/p>\n<p>Nous veillons \u00e0 nous conformer \u00e0 toutes les dispositions de cette loi pour garantir un niveau de protection optimal pour les renseignements personnels que nous traitons.<\/p>\n<p>En acc\u00e9dant ou en utilisant notre site web, vous acceptez ces conditions d\u2019utilisation. Si vous n\u2019\u00eates pas d\u2019accord avec une partie de ces conditions, veuillez vous abstenir de naviguer sur notre site web.<\/p>\n<p><strong>\u00c0 propos de fichiers t\u00e9moins (cookies) <\/strong><br \/>\nSachez que les fichiers t\u00e9moins peuvent \u00eatre utilis\u00e9s pour des tactiques de \u00ab ciblage \u00bb publicitaire, mais sont surtout utilis\u00e9s afin d\u2019am\u00e9liorer la performance de votre site web dans le navigateur du visiteur, leur procurant ainsi une meilleure exp\u00e9rience lors de leurs visites.<\/p>\n<p><strong>Responsable d\u00e9sign\u00e9e de la protection des donn\u00e9es<\/strong><br \/>\nJean-Fran\u00e7ois Lapointe, pr\u00e9sident chez Collective Polymers assume la responsabilit\u00e9 de la protection des donn\u00e9es et veille \u00e0 la mise en oeuvre et au respect des proc\u00e9dures et des principes relatifs \u00e0 la confidentialit\u00e9 et \u00e0 la s\u00e9curit\u00e9 des informations personnelles.<\/p>\n<p><strong>Collecte et utilisation de renseignements personnels<\/strong><br \/>\nNotre organisation ne collecte que les renseignements personnels n\u00e9cessaires pour remplir ses objectifs. Les informations personnelles collect\u00e9es peuvent inclure :<br \/>\n\u25cf Nom et pr\u00e9nom<br \/>\n\u25cf Adresse courriel<br \/>\n\u25cf Num\u00e9ro de t\u00e9l\u00e9phone<br \/>\n\u25cf Adresse postale<br \/>\n\u25cf Autres informations pertinentes, selon les besoins de l\u2019entreprise<\/p>\n<p><strong>Comment vos informations sont-elles utilis\u00e9es<\/strong><br \/>\nNous utiliserons les informations que nous avons collect\u00e9es pour :<br \/>\n1. Formulaire de contact avec l\u2019entreprise<br \/>\n2. Cr\u00e9ation d\u2019un devis \/ soumission<\/p>\n<p><strong>S\u00e9curit\u00e9 de vos renseignements personnels<\/strong><br \/>\n1- Nous recueillons vos informations de mani\u00e8re confidentielle, et nous les utilisons uniquement aux fins pour lesquelles elles ont \u00e9t\u00e9 recueillies, \u00e0 moins d\u2019un consentement de votre part.<br \/>\n2- Ces informations seront conserv\u00e9es aussi longtemps que nous en aurons besoin pour atteindre les objectifs pour lesquels elles ont \u00e9t\u00e9 collect\u00e9es. Nous sommes par la suite responsables de d\u00e9truire tous renseignements personnels collect\u00e9s aupr\u00e8s de notre client\u00e8le.<br \/>\n3- Chaque membre de notre \u00e9quipe doit \u00eatre responsable de la protection des informations personnelles dont il ou elle a la charge, en respectant la politique de confidentialit\u00e9.<br \/>\n4- Les informations personnelles ne doivent pas \u00eatre divulgu\u00e9es \u00e0 des tiers non autoris\u00e9s, que ce soit \u00e0 l\u2019int\u00e9rieur ou \u00e0 l\u2019ext\u00e9rieur de notre entreprise sans le consentement explicite de la personne concern\u00e9e. Nous veillerons \u00e0 ce que les tiers qui re\u00e7oivent des renseignements personnels respectent les pratiques de confidentialit\u00e9 appropri\u00e9es et utilisent ces informations uniquement aux fins pour lesquelles elles ont \u00e9t\u00e9 divulgu\u00e9es.<br \/>\n5- Nous nous effor\u00e7ons de collecter les informations personnelles directement aupr\u00e8s des personnes concern\u00e9es, sauf si elles ont express\u00e9ment consenti \u00e0 ce que nous les obtenions d\u2019une autre source.<br \/>\n6- Des mesures de s\u00e9curit\u00e9 appropri\u00e9es sont mises en place pour assurer la protection des informations personnelles contre les acc\u00e8s non autoris\u00e9s.<br \/>\n7- Toute violation de la confidentialit\u00e9 ou situation susceptible de compromettre la s\u00e9curit\u00e9 des informations personnelles doit \u00eatre signal\u00e9e imm\u00e9diatement \u00e0 la coordination ainsi qu\u2019\u00e0 direction.<\/p>\n<p><strong>Vos droits concernant notre politique<\/strong><br \/>\nSelon la loi applicable, vous avez : un droit d\u2019acc\u00e8s, de rectification ou d\u2019effacement de vos donn\u00e9es personnelles, vous pouvez recevoir une copie de vos donn\u00e9es personnelles, restreindre l\u2019acc\u00e8s ou vous opposer au traitement actif de vos donn\u00e9es, nous demander de partager vos donn\u00e9es personnelles \u00e0 une autre entit\u00e9, retirer tout consentement que vous nous avez fourni pour traiter vos donn\u00e9es et pouvez d\u00e9poser une plainte aupr\u00e8s d\u2019une autorit\u00e9 statutaire et tout autre droit qui peut \u00eatre pertinent en vertu des lois applicables. Pour exercer ces<br \/>\ndroits, vous pouvez nous \u00e9crire \u00e0 l\u2019adresse courriel jf.lapointe@collectivepolymers.com. Nous r\u00e9pondrons \u00e0 votre demande conform\u00e9ment \u00e0 la loi applicable.<\/p>\n<p>Notez que si vous ne nous autorisez pas \u00e0 collecter ou \u00e0 traiter les informations personnelles requises ou si vous retirez le consentement \u00e0 leur traitement aux fins requises, vous ne pourrez peut-\u00eatre pas acc\u00e9der ou utiliser les services pour lesquels vos informations ont \u00e9t\u00e9 r\u00e9colt\u00e9es.<\/p>\n<p><strong>Liens tiers<\/strong><br \/>\nNotre site web peut contenir des liens vers d\u2019autres sites web qui ne sont pas exploit\u00e9s par nous. Cette politique de confidentialit\u00e9 traite uniquement de la protection des informations personnelles recueillies via l\u2019entreprise Collective Polymers . Nous vous conseillons de consulter la politique de confidentialit\u00e9 de chaque site que vous visitez. Nous n\u2019avons aucun contr\u00f4le et n\u2019assumons aucune responsabilit\u00e9 quant au contenu, \u00e0 la politique de confidentialit\u00e9 ou aux pratiques de tout site ou service tiers.<\/p>\n<p><strong>Modifications apport\u00e9es \u00e0 la pr\u00e9sente politique de protection des donn\u00e9es personnelles<\/strong><br \/>\nNous nous r\u00e9servons le droit de modifier cette politique \u00e0 tout moment. Les modifications apport\u00e9es seront en vigueur imm\u00e9diatement apr\u00e8s leur publication sur notre site web.<\/p>\n<p>Si vous avez des questions ou pr\u00e9occupations concernant le traitement de vos informations personnelles, communiquez avec nous.<\/p>\n<p>Collective Polymers<br \/>\nJean-Fran\u00e7ois Lapointe<br \/>\njf.lapointe@collectivepolymers.com<br \/>\n514-916-4788<\/p>\n<\/div><\/section><\/div>\n","protected":false},"excerpt":{"rendered":"","protected":false},"author":1,"featured_media":0,"parent":0,"menu_order":0,"comment_status":"closed","ping_status":"closed","template":"","meta":{"footnotes":""},"class_list":["post-1354","page","type-page","status-publish","hentry"],"yoast_head":"<!-- This site is optimized with the Yoast SEO plugin v25.6 - https:\/\/yoast.com\/wordpress\/plugins\/seo\/ -->\n<title>Politique de confidentialit\u00e9 - Collective Polymers<\/title>\n<meta name=\"robots\" content=\"index, follow, max-snippet:-1, max-image-preview:large, max-video-preview:-1\" \/>\n<link rel=\"canonical\" href=\"https:\/\/collectivepolymers.com\/fr\/politique-de-confidentialite\/\" \/>\n<meta property=\"og:locale\" content=\"fr_FR\" \/>\n<meta property=\"og:type\" content=\"article\" \/>\n<meta property=\"og:title\" content=\"Politique de confidentialit\u00e9 - Collective Polymers\" \/>\n<meta property=\"og:url\" content=\"https:\/\/collectivepolymers.com\/fr\/politique-de-confidentialite\/\" \/>\n<meta property=\"og:site_name\" content=\"Collective Polymers\" \/>\n<meta name=\"twitter:card\" content=\"summary_large_image\" \/>\n<meta name=\"twitter:label1\" content=\"Dur\u00e9e de lecture estim\u00e9e\" \/>\n\t<meta name=\"twitter:data1\" content=\"5 minutes\" \/>\n<script type=\"application\/ld+json\" class=\"yoast-schema-graph\">{\"@context\":\"https:\/\/schema.org\",\"@graph\":[{\"@type\":\"WebPage\",\"@id\":\"https:\/\/collectivepolymers.com\/fr\/politique-de-confidentialite\/\",\"url\":\"https:\/\/collectivepolymers.com\/fr\/politique-de-confidentialite\/\",\"name\":\"Politique de confidentialit\u00e9 - Collective Polymers\",\"isPartOf\":{\"@id\":\"https:\/\/collectivepolymers.com\/fr\/#website\"},\"datePublished\":\"2024-07-04T17:11:20+00:00\",\"breadcrumb\":{\"@id\":\"https:\/\/collectivepolymers.com\/fr\/politique-de-confidentialite\/#breadcrumb\"},\"inLanguage\":\"fr-FR\",\"potentialAction\":[{\"@type\":\"ReadAction\",\"target\":[\"https:\/\/collectivepolymers.com\/fr\/politique-de-confidentialite\/\"]}]},{\"@type\":\"BreadcrumbList\",\"@id\":\"https:\/\/collectivepolymers.com\/fr\/politique-de-confidentialite\/#breadcrumb\",\"itemListElement\":[{\"@type\":\"ListItem\",\"position\":1,\"name\":\"Accueil\",\"item\":\"https:\/\/collectivepolymers.com\/fr\/\"},{\"@type\":\"ListItem\",\"position\":2,\"name\":\"Politique de confidentialit\u00e9\"}]},{\"@type\":\"WebSite\",\"@id\":\"https:\/\/collectivepolymers.com\/fr\/#website\",\"url\":\"https:\/\/collectivepolymers.com\/fr\/\",\"name\":\"Collective Polymers\",\"description\":\"Solutions de plastique responsable et de haute performance \",\"potentialAction\":[{\"@type\":\"SearchAction\",\"target\":{\"@type\":\"EntryPoint\",\"urlTemplate\":\"https:\/\/collectivepolymers.com\/fr\/?s={search_term_string}\"},\"query-input\":{\"@type\":\"PropertyValueSpecification\",\"valueRequired\":true,\"valueName\":\"search_term_string\"}}],\"inLanguage\":\"fr-FR\"}]}<\/script>\n<!-- \/ Yoast SEO plugin. -->","yoast_head_json":{"title":"Politique de confidentialit\u00e9 - Collective Polymers","robots":{"index":"index","follow":"follow","max-snippet":"max-snippet:-1","max-image-preview":"max-image-preview:large","max-video-preview":"max-video-preview:-1"},"canonical":"https:\/\/collectivepolymers.com\/fr\/politique-de-confidentialite\/","og_locale":"fr_FR","og_type":"article","og_title":"Politique de confidentialit\u00e9 - Collective Polymers","og_url":"https:\/\/collectivepolymers.com\/fr\/politique-de-confidentialite\/","og_site_name":"Collective Polymers","twitter_card":"summary_large_image","twitter_misc":{"Dur\u00e9e de lecture estim\u00e9e":"5 minutes"},"schema":{"@context":"https:\/\/schema.org","@graph":[{"@type":"WebPage","@id":"https:\/\/collectivepolymers.com\/fr\/politique-de-confidentialite\/","url":"https:\/\/collectivepolymers.com\/fr\/politique-de-confidentialite\/","name":"Politique de confidentialit\u00e9 - Collective Polymers","isPartOf":{"@id":"https:\/\/collectivepolymers.com\/fr\/#website"},"datePublished":"2024-07-04T17:11:20+00:00","breadcrumb":{"@id":"https:\/\/collectivepolymers.com\/fr\/politique-de-confidentialite\/#breadcrumb"},"inLanguage":"fr-FR","potentialAction":[{"@type":"ReadAction","target":["https:\/\/collectivepolymers.com\/fr\/politique-de-confidentialite\/"]}]},{"@type":"BreadcrumbList","@id":"https:\/\/collectivepolymers.com\/fr\/politique-de-confidentialite\/#breadcrumb","itemListElement":[{"@type":"ListItem","position":1,"name":"Accueil","item":"https:\/\/collectivepolymers.com\/fr\/"},{"@type":"ListItem","position":2,"name":"Politique de confidentialit\u00e9"}]},{"@type":"WebSite","@id":"https:\/\/collectivepolymers.com\/fr\/#website","url":"https:\/\/collectivepolymers.com\/fr\/","name":"Collective Polymers","description":"Solutions de plastique responsable et de haute performance ","potentialAction":[{"@type":"SearchAction","target":{"@type":"EntryPoint","urlTemplate":"https:\/\/collectivepolymers.com\/fr\/?s={search_term_string}"},"query-input":{"@type":"PropertyValueSpecification","valueRequired":true,"valueName":"search_term_string"}}],"inLanguage":"fr-FR"}]}},"_links":{"self":[{"href":"https:\/\/collectivepolymers.com\/fr\/wp-json\/wp\/v2\/pages\/1354","targetHints":{"allow":["GET"]}}],"collection":[{"href":"https:\/\/collectivepolymers.com\/fr\/wp-json\/wp\/v2\/pages"}],"about":[{"href":"https:\/\/collectivepolymers.com\/fr\/wp-json\/wp\/v2\/types\/page"}],"author":[{"embeddable":true,"href":"https:\/\/collectivepolymers.com\/fr\/wp-json\/wp\/v2\/users\/1"}],"replies":[{"embeddable":true,"href":"https:\/\/collectivepolymers.com\/fr\/wp-json\/wp\/v2\/comments?post=1354"}],"version-history":[{"count":2,"href":"https:\/\/collectivepolymers.com\/fr\/wp-json\/wp\/v2\/pages\/1354\/revisions"}],"predecessor-version":[{"id":1364,"href":"https:\/\/collectivepolymers.com\/fr\/wp-json\/wp\/v2\/pages\/1354\/revisions\/1364"}],"wp:attachment":[{"href":"https:\/\/collectivepolymers.com\/fr\/wp-json\/wp\/v2\/media?parent=1354"}],"curies":[{"name":"wp","href":"https:\/\/api.w.org\/{rel}","templated":true}]}}